{"id":56956,"date":"2021-09-26T11:07:08","date_gmt":"2021-09-26T09:07:08","guid":{"rendered":"https:\/\/ap-personalexpert.de\/?page_id=56956"},"modified":"2025-03-11T11:37:26","modified_gmt":"2025-03-11T10:37:26","slug":"impressum","status":"publish","type":"page","link":"https:\/\/ap-personalexpert.de\/en\/impressum\/","title":{"rendered":"Imprint"},"content":{"rendered":"<div class=\"wpb-content-wrapper\"><div class=\"vc_row wpb_row vc_row-fluid vc_custom_1632647340778\"><div class=\"wpb_column vc_column_container vc_col-sm-12\"><div class=\"vc_column-inner\"><div class=\"wpb_wrapper\">\n\t<div class=\"wpb_text_column wpb_content_element\" >\n\t\t<div class=\"wpb_wrapper\">\n\t\t\t<p style=\"text-align: center;\"><strong>Imprint<\/strong><br \/>\nLegal provider identification:<\/p>\n<p style=\"text-align: center;\"><strong>AP Personalexpert GmbH<\/strong><br \/>\nAltenburger Stra\u00dfe 9<br \/>\n33699 Bielefeld<br \/>\nGermany<\/p>\n<p style=\"text-align: center;\"><strong>Business owner:<\/strong><br \/>\nHerr Peter Ehof<\/p>\n<p style=\"text-align: center;\"><strong>Office phone number:<br \/>\n<\/strong>Tel.: +49 (0) 521 \/ 329 30 920<br \/>\nFax: +49 (0) 521 \/ 329 25 761<\/p>\n<p style=\"text-align: center;\"><strong>Mail:<\/strong> info@ap-personalexpert.de<br \/>\n<strong>Web:<\/strong> www.ap-personalexpert.de<\/p>\n<p style=\"text-align: center;\">Finanzamt Bielefeld-Au\u00dfenstadt<br \/>\nUSt-IdNr.: DE340797161<br \/>\nDistrict Court of Lemgo<br \/>\nHRB 10216<\/p>\n<p style=\"text-align: center;\"><strong data-start=\"563\" data-end=\"595\">Zust\u00e4ndige Aufsichtsbeh\u00f6rde:<br \/>\n<\/strong>Gesch\u00e4ftsbereich Arbeitnehmer\u00fcberlassung<br \/>\nAgentur f\u00fcr Arbeit D\u00fcsseldorf<br \/>\nPostfach 10 10 40, 40001 D\u00fcsseldorf<br \/>\nTel.: 0211\/43 06-400, Fax: 0211\/43 06-910674<br \/>\nDuesseldorf.091-ANUE@arbeitsagentur.de<\/p>\n<p style=\"text-align: center;\"><strong><br \/>\nLegal information about the website<\/strong><br \/>\nAll texts, images and other information published here are subject to the copyright of the provider, unless third-party copyrights exist. In any case, reproduction, distribution or public reproduction is only permitted with the revocable and non-transferable consent of the provider.<\/p>\n<p style=\"text-align: center;\">The provider assumes no responsibility for any web content linked through cross-references (links), as these are not its own content. The linked pages were checked for unlawful content; at the time of linking, such content was not apparent. The operators of the linked pages are solely responsible for their content. The provider has no general monitoring and auditing obligations in this regard. If a legal violation becomes known, the corresponding link will be promptly removed.<\/p>\n\n\t\t<\/div>\n\t<\/div>\n<\/div><\/div><\/div><\/div>\n<\/div>","protected":false},"excerpt":{"rendered":"<p>Impressum Gesetzliche Anbieterkennung: AP Personalexpert GmbH Altenburger Stra\u00dfe 9 33699 Bielefeld Deutschland Gesch\u00e4ftsinhaber: Herr Peter Ehof B\u00fcro Rufnummer: Tel.: +49 (0) 521 \/ 329 30 920 Fax: +49 (0) 521 \/ 329 25 761 E-Mail: info@ap-personalexpert.de Web: www.ap-personalexpert.de Finanzamt Bielefeld-Au\u00dfenstadt USt-IdNr.: DE340797161 Amtsgericht Lemgo HRB 10216 Zust\u00e4ndige Aufsichtsbeh\u00f6rde: Gesch\u00e4ftsbereich Arbeitnehmer\u00fcberlassung Agentur f\u00fcr Arbeit D\u00fcsseldorf Postfach&hellip;<\/p>","protected":false},"author":1,"featured_media":0,"parent":0,"menu_order":0,"comment_status":"closed","ping_status":"closed","template":"","meta":{"inline_featured_image":false,"footnotes":""},"class_list":["post-56956","page","type-page","status-publish","hentry","description-off"],"_links":{"self":[{"href":"https:\/\/ap-personalexpert.de\/en\/wp-json\/wp\/v2\/pages\/56956","targetHints":{"allow":["GET"]}}],"collection":[{"href":"https:\/\/ap-personalexpert.de\/en\/wp-json\/wp\/v2\/pages"}],"about":[{"href":"https:\/\/ap-personalexpert.de\/en\/wp-json\/wp\/v2\/types\/page"}],"author":[{"embeddable":true,"href":"https:\/\/ap-personalexpert.de\/en\/wp-json\/wp\/v2\/users\/1"}],"replies":[{"embeddable":true,"href":"https:\/\/ap-personalexpert.de\/en\/wp-json\/wp\/v2\/comments?post=56956"}],"version-history":[{"count":9,"href":"https:\/\/ap-personalexpert.de\/en\/wp-json\/wp\/v2\/pages\/56956\/revisions"}],"predecessor-version":[{"id":58398,"href":"https:\/\/ap-personalexpert.de\/en\/wp-json\/wp\/v2\/pages\/56956\/revisions\/58398"}],"wp:attachment":[{"href":"https:\/\/ap-personalexpert.de\/en\/wp-json\/wp\/v2\/media?parent=56956"}],"curies":[{"name":"wp","href":"https:\/\/api.w.org\/{rel}","templated":true}]}}