{"id":56956,"date":"2021-09-26T11:07:08","date_gmt":"2021-09-26T09:07:08","guid":{"rendered":"https:\/\/ap-personalexpert.de\/?page_id=56956"},"modified":"2025-03-11T11:37:26","modified_gmt":"2025-03-11T10:37:26","slug":"impressum","status":"publish","type":"page","link":"https:\/\/ap-personalexpert.de\/es\/impressum\/","title":{"rendered":"aviso legal"},"content":{"rendered":"<div class=\"wpb-content-wrapper\"><div class=\"vc_row wpb_row vc_row-fluid vc_custom_1632647340778\"><div class=\"wpb_column vc_column_container vc_col-sm-12\"><div class=\"vc_column-inner\"><div class=\"wpb_wrapper\">\n\t<div class=\"wpb_text_column wpb_content_element\" >\n\t\t<div class=\"wpb_wrapper\">\n\t\t\t<p style=\"text-align: center;\"><strong>aviso legal<\/strong><br \/>\nGobierno de informaci\u00f3n del proveedor:<\/p>\n<p style=\"text-align: center;\"><strong>AP Personalexpert GmbH<\/strong><br \/>\nAltenburger Stra\u00dfe 9<br \/>\n33699 Bielefeld<br \/>\nDeutschland<\/p>\n<p style=\"text-align: center;\"><strong>Propietario del negocio:<\/strong><br \/>\nHerr Peter Ehof<\/p>\n<p style=\"text-align: center;\"><strong>N\u00famero de tel\u00e9fono de la oficina:<br \/>\n<\/strong>Tel.: +49 (0) 521 \/ 329 30 920<br \/>\nFax: +49 (0) 521 \/ 329 25 761<\/p>\n<p style=\"text-align: center;\"><strong>E-Mail:<\/strong> info@ap-personalexpert.de<br \/>\n<strong>Web:<\/strong> www.ap-personalexpert.de<\/p>\n<p style=\"text-align: center;\">Finanzamt Bielefeld-Au\u00dfenstadt<br \/>\nUSt-IdNr.: DE340797161<br \/>\nTribunal de Primera Instancia de Lemgo<br \/>\nHRB 10216<\/p>\n<p style=\"text-align: center;\"><strong data-start=\"563\" data-end=\"595\">Zust\u00e4ndige Aufsichtsbeh\u00f6rde:<br \/>\n<\/strong>Gesch\u00e4ftsbereich Arbeitnehmer\u00fcberlassung<br \/>\nAgentur f\u00fcr Arbeit D\u00fcsseldorf<br \/>\nPostfach 10 10 40, 40001 D\u00fcsseldorf<br \/>\nTel.: 0211\/43 06-400, Fax: 0211\/43 06-910674<br \/>\nDuesseldorf.091-ANUE@arbeitsagentur.de<\/p>\n<p style=\"text-align: center;\"><strong><br \/>\nInformaci\u00f3n legal del sitio web<\/strong><br \/>\nTodos los textos, im\u00e1genes y dem\u00e1s informaciones publicadas en este sitio web est\u00e1n sujetos a los derechos de autor del proveedor, a menos que existan derechos de autor de terceros. En cualquier caso, la reproducci\u00f3n, distribuci\u00f3n o representaci\u00f3n p\u00fablica solo est\u00e1 permitida en caso de consentimiento revocable y no transferible del proveedor.<\/p>\n<p style=\"text-align: center;\">El proveedor no asume ninguna responsabilidad por los contenidos de otros sitios web vinculados por medio de enlaces (hiperv\u00ednculos), ya que no se trata de contenidos propios. Los sitios web vinculados fueron revisados en cuanto a su contenido ilegal y en el momento de la vinculaci\u00f3n no se identific\u00f3 tal contenido. El operador del sitio web vinculado es el \u00fanico responsable del contenido del sitio. El proveedor no tiene ninguna obligaci\u00f3n general de supervisar o revisar estos contenidos. Si se identifica una violaci\u00f3n de la ley, el enlace correspondiente se eliminar\u00e1 de inmediato.<\/p>\n\n\t\t<\/div>\n\t<\/div>\n<\/div><\/div><\/div><\/div>\n<\/div>","protected":false},"excerpt":{"rendered":"<p>Impressum Gesetzliche Anbieterkennung: AP Personalexpert GmbH Altenburger Stra\u00dfe 9 33699 Bielefeld Deutschland Gesch\u00e4ftsinhaber: Herr Peter Ehof B\u00fcro Rufnummer: Tel.: +49 (0) 521 \/ 329 30 920 Fax: +49 (0) 521 \/ 329 25 761 E-Mail: info@ap-personalexpert.de Web: www.ap-personalexpert.de Finanzamt Bielefeld-Au\u00dfenstadt USt-IdNr.: DE340797161 Amtsgericht Lemgo HRB 10216 Zust\u00e4ndige Aufsichtsbeh\u00f6rde: Gesch\u00e4ftsbereich Arbeitnehmer\u00fcberlassung Agentur f\u00fcr Arbeit D\u00fcsseldorf Postfach&hellip;<\/p>","protected":false},"author":1,"featured_media":0,"parent":0,"menu_order":0,"comment_status":"closed","ping_status":"closed","template":"","meta":{"inline_featured_image":false,"footnotes":""},"class_list":["post-56956","page","type-page","status-publish","hentry","description-off"],"_links":{"self":[{"href":"https:\/\/ap-personalexpert.de\/es\/wp-json\/wp\/v2\/pages\/56956","targetHints":{"allow":["GET"]}}],"collection":[{"href":"https:\/\/ap-personalexpert.de\/es\/wp-json\/wp\/v2\/pages"}],"about":[{"href":"https:\/\/ap-personalexpert.de\/es\/wp-json\/wp\/v2\/types\/page"}],"author":[{"embeddable":true,"href":"https:\/\/ap-personalexpert.de\/es\/wp-json\/wp\/v2\/users\/1"}],"replies":[{"embeddable":true,"href":"https:\/\/ap-personalexpert.de\/es\/wp-json\/wp\/v2\/comments?post=56956"}],"version-history":[{"count":9,"href":"https:\/\/ap-personalexpert.de\/es\/wp-json\/wp\/v2\/pages\/56956\/revisions"}],"predecessor-version":[{"id":58398,"href":"https:\/\/ap-personalexpert.de\/es\/wp-json\/wp\/v2\/pages\/56956\/revisions\/58398"}],"wp:attachment":[{"href":"https:\/\/ap-personalexpert.de\/es\/wp-json\/wp\/v2\/media?parent=56956"}],"curies":[{"name":"wp","href":"https:\/\/api.w.org\/{rel}","templated":true}]}}