{"id":56968,"date":"2021-09-26T11:19:04","date_gmt":"2021-09-26T09:19:04","guid":{"rendered":"https:\/\/ap-personalexpert.de\/?page_id=56968"},"modified":"2024-04-23T10:27:41","modified_gmt":"2024-04-23T08:27:41","slug":"datenschutzerklaerung","status":"publish","type":"page","link":"https:\/\/ap-personalexpert.de\/es\/datenschutzerklaerung\/","title":{"rendered":"Pol\u00edtica de privacidad"},"content":{"rendered":"<div class=\"wpb-content-wrapper\"><div class=\"vc_row wpb_row vc_row-fluid vc_custom_1679530558638\"><div class=\"wpb_column vc_column_container vc_col-sm-12\"><div class=\"vc_column-inner\"><div class=\"wpb_wrapper\">\n\t<div class=\"wpb_text_column wpb_content_element\" >\n\t\t<div class=\"wpb_wrapper\">\n\t\t\t<p style=\"text-align: justify;\"><strong>Pol\u00edtica de privacidad de AP-Personalexpert GmbH<\/strong><\/p>\n<p style=\"text-align: justify;\">La AP-Personalexpert GmbH valora la protecci\u00f3n de sus datos personales. En esta pol\u00edtica de privacidad, le informamos sobre el procesamiento de sus datos en nuestro sitio web www.ap-personalexpert.de y sus derechos de privacidad correspondientes.<\/p>\n<p style=\"text-align: justify;\"><strong><br \/>\n1. Responsable del tratamiento de datos<\/strong><\/p>\n<p style=\"text-align: justify;\">AP-Personalexpert GmbH<br \/>\nHolzhofstra\u00dfe 8<br \/>\n32791 Lage<\/p>\n<p style=\"text-align: justify;\">Tel.: +49 (0) 521 \/ 329 30 920<br \/>\nFax: +49 (0) 521 \/ 329 25 761<br \/>\nMail: info@ap-personalexpert.de<\/p>\n<p style=\"text-align: justify;\"><strong><br \/>\n2. Tratamiento de datos personales y prop\u00f3sito del tratamiento<\/strong><\/p>\n<p style=\"text-align: justify;\">Procesamos sus datos personales que nos proporciona a trav\u00e9s del formulario de contacto, por correo electr\u00f3nico u otra v\u00eda para responder a sus consultas y prestar nuestros servicios. La base legal para el tratamiento es el Art. 6 p\u00e1rrafo 1 letra b del RGPD (cumplimiento del contrato o medidas precontractuales) o el Art. 6 p\u00e1rrafo 1 letra f del RGPD (inter\u00e9s leg\u00edtimo).<\/p>\n<p style=\"text-align: justify;\"><strong><br \/>\n3. Cookies<\/strong><\/p>\n<p style=\"text-align: justify;\">Nuestro sitio web utiliza cookies para mejorar su experiencia de usuario y optimizar nuestro sitio web. Las cookies son peque\u00f1os archivos de texto que se almacenan en su dispositivo final.<\/p>\n<p style=\"text-align: justify;\"><strong>Utilizamos los siguientes tipos de cookies en nuestro sitio web:<\/strong><\/p>\n<ul style=\"text-align: justify;\">\n<li>Cookies t\u00e9cnicamente necesarias: estas cookies son necesarias para el funcionamiento del sitio web y no se pueden desactivar en nuestros sistemas.<\/li>\n<li>Cookies estad\u00edsticas: estas cookies nos permiten analizar el uso de nuestro sitio web para mejorar el rendimiento y la funcionalidad de nuestro sitio web.<\/li>\n<li>Cookies de marketing: estas cookies se utilizan para mostrar publicidad personalizada que se ajuste a sus intereses.<\/li>\n<\/ul>\n<p style=\"text-align: justify;\">Puede cambiar la configuraci\u00f3n de sus cookies en cualquier momento o rechazar el uso de cookies. Tenga en cuenta que desactivar las cookies puede afectar la funcionalidad de nuestro sitio web.<\/p>\n<p style=\"text-align: justify;\"><strong><br \/>\n4. Divulgaci\u00f3n de datos a terceros<\/strong><\/p>\n<p style=\"text-align: justify;\">Sus datos personales solo se divulgar\u00e1n a terceros si es necesario para cumplir con el contrato, si tenemos un inter\u00e9s leg\u00edtimo en la divulgaci\u00f3n o si ha dado su consentimiento expreso. En estos casos, nos aseguramos de que la divulgaci\u00f3n est\u00e9 en conformidad con las disposiciones legales y de que sus datos est\u00e9n adecuadamente protegidos.<\/p>\n<p style=\"text-align: justify;\"><strong><br \/>\n5. Sus derechos como persona afectada<\/strong><\/p>\n<p style=\"text-align: justify;\">Usted tiene derecho a:<\/p>\n<ul style=\"text-align: justify;\">\n<li>seg\u00fan el Art. 15 del RGPD, solicitar informaci\u00f3n sobre sus datos personales que procesamos;<\/li>\n<li>seg\u00fan el Art. 16 del RGPD, solicitar la correcci\u00f3n inmediata o complementaci\u00f3n de sus datos personales almacenados en nuestro sitio web;<\/li>\n<li>seg\u00fan el Art. 17 del RGPD, solicitar la eliminaci\u00f3n de sus datos personales almacenados en nuestro sitio web, siempre y cuando no haya obligaciones legales de retenci\u00f3n o intereses leg\u00edtimos en conflicto;<\/li>\n<li>seg\u00fan el Art. 18 del RGPD, solicitar la restricci\u00f3n del procesamiento de sus datos personales si la exactitud de los datos es disputada por usted, el procesamiento es ilegal, pero usted se niega a borrarlos o ya no necesitamos los datos, pero usted los necesita para hacer valer, ejercer o defender reclamaciones legales;<\/li>\n<li>seg\u00fan el Art. 20 del RGPD, recibir los datos personales que nos ha proporcionado en un formato estructurado, com\u00fan y legible por m\u00e1quina o solicitar su transmisi\u00f3n a otro responsable;<\/li>\n<li>seg\u00fan el Art. 7 p\u00e1rrafo 3 del RGPD, revocar su consentimiento otorgado una vez en cualquier momento. Esto significa que no podremos continuar procesando los datos basados en este consentimiento en el futuro;<\/li>\n<li>seg\u00fan el Art. 77 del RGPD, quejarse ante una autoridad de supervisi\u00f3n. Por lo general, puede contactar a la autoridad de supervisi\u00f3n de su lugar de residencia o trabajo habitual o de nuestra sede.<\/li>\n<\/ul>\n<p style=\"text-align: justify;\"><strong><br \/>\n6. Derecho de oposici\u00f3n<\/strong><\/p>\n<p style=\"text-align: justify;\">Si sus datos personales se procesan sobre la base de intereses leg\u00edtimos de conformidad con el Art. 6 p\u00e1rrafo 1 letra f del RGPD, tiene derecho a oponerse al procesamiento de sus datos personales de acuerdo con el Art. 21 del RGPD, siempre y cuando haya razones que surjan de su situaci\u00f3n particular. Si desea hacer uso de su derecho de oposici\u00f3n, simplemente env\u00ede un correo electr\u00f3nico a info@ap-personalexpert.de.<\/p>\n<p style=\"text-align: justify;\"><strong><br \/>\n7. Seguridad de datos<\/strong><br \/>\nUtilizamos medidas de seguridad t\u00e9cnicas y organizativas adecuadas para proteger sus datos personales contra manipulaciones accidentales o intencionales, p\u00e9rdidas parciales o completas, destrucci\u00f3n o acceso no autorizado por terceros. Nuestras medidas de seguridad se mejoran continuamente de acuerdo con el desarrollo tecnol\u00f3gico y las mejores pr\u00e1cticas actuales.<\/p>\n<p style=\"text-align: justify;\">Para garantizar la transmisi\u00f3n segura de datos personales, utilizamos una conexi\u00f3n cifrada (por ejemplo, SSL\/TLS) entre su navegador y nuestro servidor. Puede reconocer una conexi\u00f3n cifrada por el icono de candado en la barra de direcciones de su navegador y por el hecho de que la direcci\u00f3n comienza con \"https:\/\/\".<\/p>\n<p style=\"text-align: justify;\">A pesar de nuestros esfuerzos por garantizar la seguridad de los datos, no podemos garantizar una seguridad absoluta debido a la estructura de Internet. Por lo tanto, le recomendamos que tome medidas para proteger sus propios datos, como actualizaciones regulares del sistema operativo y el navegador, el uso de programas antivirus y la implementaci\u00f3n de contrase\u00f1as seguras.<\/p>\n<p style=\"text-align: justify;\"><strong><br \/>\n8. Actualizaci\u00f3n y modificaci\u00f3n de esta pol\u00edtica de privacidad<\/strong><\/p>\n<p style=\"text-align: justify;\">Esta pol\u00edtica de privacidad es v\u00e1lida a partir del 01.03.2023. Es posible que tengamos que actualizar esta pol\u00edtica de privacidad debido al desarrollo continuo de nuestro sitio web y ofertas o debido a cambios en los requisitos legales o regulatorios. La pol\u00edtica de privacidad actual se puede acceder y descargar en cualquier momento a trav\u00e9s del enlace de pol\u00edticas de cookies en nuestro sitio web: https:\/\/www.ap-personalexpert.de\/cookie-richtlinie\/.<\/p>\n<p style=\"text-align: justify;\"><strong><br \/>\n9. Contacto para asuntos de protecci\u00f3n de datos<\/strong><\/p>\n<p style=\"text-align: justify;\">Si tiene preguntas sobre protecci\u00f3n de datos o desea ejercer sus derechos de protecci\u00f3n de datos, puede ponerse en contacto con nuestro responsable de protecci\u00f3n de datos mediante el siguiente correo electr\u00f3nico: [insertar correo electr\u00f3nico del responsable de protecci\u00f3n de datos].<\/p>\n<p style=\"text-align: justify;\"><strong><br \/>\nAP-Personalexpert GmbH<\/strong><br \/>\nSe\u00f1or Peter Ehof o Se\u00f1or Andreas Stein<br \/>\nAltenburger Stra\u00dfe 9, 33699 Bielefeld<br \/>\nMail: info@ap-personalexpert.de<\/p>\n\n\t\t<\/div>\n\t<\/div>\n<\/div><\/div><\/div><\/div>\n<\/div>","protected":false},"excerpt":{"rendered":"<p>Datenschutzerkl\u00e4rung der AP-Personalexpert GmbH Die AP-Personalexpert GmbH legt gro\u00dfen Wert auf den Schutz Ihrer personenbezogenen Daten. In dieser Datenschutzerkl\u00e4rung informieren wir Sie \u00fcber die Verarbeitung Ihrer Daten auf unserer Website www.ap-personalexpert.de und die Ihnen zustehenden Datenschutzrechte. 1. Verantwortlicher f\u00fcr die Datenverarbeitung AP-Personalexpert GmbH Holzhofstra\u00dfe 8 32791 Lage Tel.: +49 (0) 521 \/ 329 30 920&hellip;<\/p>","protected":false},"author":1,"featured_media":0,"parent":0,"menu_order":0,"comment_status":"closed","ping_status":"closed","template":"","meta":{"inline_featured_image":false,"footnotes":""},"class_list":["post-56968","page","type-page","status-publish","hentry","description-off"],"_links":{"self":[{"href":"https:\/\/ap-personalexpert.de\/es\/wp-json\/wp\/v2\/pages\/56968","targetHints":{"allow":["GET"]}}],"collection":[{"href":"https:\/\/ap-personalexpert.de\/es\/wp-json\/wp\/v2\/pages"}],"about":[{"href":"https:\/\/ap-personalexpert.de\/es\/wp-json\/wp\/v2\/types\/page"}],"author":[{"embeddable":true,"href":"https:\/\/ap-personalexpert.de\/es\/wp-json\/wp\/v2\/users\/1"}],"replies":[{"embeddable":true,"href":"https:\/\/ap-personalexpert.de\/es\/wp-json\/wp\/v2\/comments?post=56968"}],"version-history":[{"count":3,"href":"https:\/\/ap-personalexpert.de\/es\/wp-json\/wp\/v2\/pages\/56968\/revisions"}],"predecessor-version":[{"id":58349,"href":"https:\/\/ap-personalexpert.de\/es\/wp-json\/wp\/v2\/pages\/56968\/revisions\/58349"}],"wp:attachment":[{"href":"https:\/\/ap-personalexpert.de\/es\/wp-json\/wp\/v2\/media?parent=56968"}],"curies":[{"name":"wp","href":"https:\/\/api.w.org\/{rel}","templated":true}]}}