{"id":56971,"date":"2021-09-26T11:22:13","date_gmt":"2021-09-26T09:22:13","guid":{"rendered":"https:\/\/ap-personalexpert.de\/?page_id=56971"},"modified":"2023-03-22T19:31:44","modified_gmt":"2023-03-22T18:31:44","slug":"allgemeine-geschaeftsbedingungen","status":"publish","type":"page","link":"https:\/\/ap-personalexpert.de\/es\/allgemeine-geschaeftsbedingungen\/","title":{"rendered":"T\u00e9rminos y condiciones generales"},"content":{"rendered":"<div class=\"wpb-content-wrapper\"><div class=\"vc_row wpb_row vc_row-fluid vc_custom_1632647340778\"><div class=\"wpb_column vc_column_container vc_col-sm-12\"><div class=\"vc_column-inner\"><div class=\"wpb_wrapper\">\n\t<div class=\"wpb_text_column wpb_content_element\" >\n\t\t<div class=\"wpb_wrapper\">\n\t\t\t<p style=\"text-align: justify;\"><strong>\u00a7 1 \u00c1mbito de aplicaci\u00f3<\/strong><\/p>\n<p style=\"text-align: justify;\">Estos t\u00e9rminos y condiciones generales (T&amp;C) se aplican a todos los contratos entre AP-Personalexpert GmbH y sus clientes, a menos que se acuerde expresamente lo contrario por escrito. Los t\u00e9rminos y condiciones comerciales opuestos o divergentes del cliente no ser\u00e1n reconocidos, a menos que AP-Personalexpert GmbH haya acordado expresamente su validez.<\/p>\n<p style=\"text-align: justify;\"><strong><br \/>\n\u00a7 2 Celebraci\u00f3n del contrato<\/strong><\/p>\n<p style=\"text-align: justify;\">Las ofertas de AP-Personalexpert GmbH son sin compromiso y no vinculantes. Un contrato se celebra solamente cuando AP-Personalexpert GmbH confirma el pedido por escrito o en formato de texto o comienza a ejecutar el pedido.<\/p>\n<p style=\"text-align: justify;\"><strong><br \/>\n\u00a7 3 Servicios<\/strong><\/p>\n<p style=\"text-align: justify;\">AP-Personalexpert GmbH ofrece servicios de personal, en particular, colocaci\u00f3n de personal, trabajo temporal y consultor\u00eda en gesti\u00f3n de personal. Los servicios espec\u00edficos y su alcance se regulan en el contrato correspondiente.<\/p>\n<p style=\"text-align: justify;\"><strong><br \/>\n\u00a7 4 Remuneraci\u00f3n<\/strong><\/p>\n<p style=\"text-align: justify;\">La remuneraci\u00f3n por los servicios de AP-Personalexpert GmbH se rige por los acuerdos en el contrato correspondiente. Si no se ha acordado nada por separado, se aplicar\u00e1n las listas de precios actuales de AP-Personalexpert GmbH. Todos los precios se entienden sin incluir el impuesto sobre el valor a\u00f1adido legal.<\/p>\n<p style=\"text-align: justify;\"><strong><br \/>\n\u00a7 5 Condiciones de pago<\/strong><\/p>\n<p style=\"text-align: justify;\">Las facturas de AP-Personalexpert GmbH deben pagarse sin deducci\u00f3n dentro de los 14 d\u00edas posteriores a la emisi\u00f3n de la factura. En caso de retraso en el pago, se deben pagar intereses de demora del 9% sobre el tipo de inter\u00e9s b\u00e1sico respectivo. Se reserva el derecho de hacer valer una mayor compensaci\u00f3n por el da\u00f1o causado por el retraso.<\/p>\n<p style=\"text-align: justify;\"><strong><br \/>\n\u00a7 6 Responsabilidad<\/strong><\/p>\n<p style=\"text-align: justify;\">AP-Personalexpert GmbH es responsable sin restricciones por la intencionalidad y la negligencia grave. En caso de negligencia leve, AP-Personalexpert GmbH solo ser\u00e1 responsable de los da\u00f1os causados por la violaci\u00f3n de la vida, el cuerpo o la salud, as\u00ed como por la violaci\u00f3n de una obligaci\u00f3n contractual esencial. En este caso, sin embargo, la responsabilidad est\u00e1 limitada a la indemnizaci\u00f3n del da\u00f1o previsible y t\u00edpico. Se excluye cualquier otra responsabilidad por da\u00f1os y perjuicios. Esto tambi\u00e9n se aplica a la responsabilidad de los asistentes de AP-Personalexpert GmbH.<\/p>\n<p style=\"text-align: justify;\"><strong><br \/>\n\u00a7 7 Garant\u00eda<\/strong><\/p>\n<p style=\"text-align: justify;\">AP-Personalexpert GmbH garantiza que los trabajadores intermediados poseen las calificaciones y habilidades acordadas en el contrato. Si se determina dentro de un per\u00edodo de cuatro semanas desde el inicio del trabajo que un trabajador no cumple con los requisitos acordados en el contrato, el cliente est\u00e1 obligado a informar inmediatamente a AP-Personalexpert GmbH. En este caso, AP-Personalexpert GmbH proporcionar\u00e1 un trabajador de reemplazo o eliminar\u00e1 las deficiencias. Si la subsanaci\u00f3n falla, el cliente puede rescindir el contrato sin previo aviso o reducir la remuneraci\u00f3n.<\/p>\n<p>&nbsp;<\/p>\n<p style=\"text-align: justify;\"><strong>\u00a7 8 Confidencialidad<\/strong><\/p>\n<p style=\"text-align: justify;\">Las partes contratantes se comprometen a tratar confidencialmente toda la informaci\u00f3n obtenida en el contexto de la ejecuci\u00f3n del contrato, en particular, secretos comerciales y empresariales, y no divulgarla a terceros, a menos que la divulgaci\u00f3n sea necesaria para la ejecuci\u00f3n del contrato o la parte afectada haya declarado por escrito su consentimiento. Esta obligaci\u00f3n tambi\u00e9n sigue existiendo despu\u00e9s de la terminaci\u00f3n de la relaci\u00f3n contractual.<\/p>\n<p style=\"text-align: justify;\"><strong><br \/>\n\u00a7 9 Disposiciones finales<\/strong><\/p>\n<ol>\n<li style=\"text-align: justify;\">Las modificaciones o complementos al contrato requieren la forma escrita. Esto tambi\u00e9n se aplica a la modificaci\u00f3n de esta cl\u00e1usula de forma escrita.\nSi alguna disposici\u00f3n de este contrato es<\/li>\n<li style=\"text-align: justify;\">Si alguna disposici\u00f3n de este contrato es o llega a ser inv\u00e1lida o inaplicable, la validez de las dem\u00e1s disposiciones no se ver\u00e1 afectada. En lugar de la disposici\u00f3n inv\u00e1lida o inaplicable, se aplicar\u00e1 una disposici\u00f3n que se acerque lo m\u00e1s posible al prop\u00f3sito econ\u00f3mico de la disposici\u00f3n inv\u00e1lida o inaplicable.<\/li>\n<li style=\"text-align: justify;\">El lugar de jurisdicci\u00f3n para todas las disputas relacionadas con este contrato es el lugar de residencia de AP-Personalexpert GmbH, en la medida permitida por la ley. Se aplicar\u00e1 la ley de la Rep\u00fablica Federal de Alemania, excluyendo la Convenci\u00f3n de las Naciones Unidas sobre los Contratos de Compraventa Internacional de Mercader\u00edas (CISG).<\/li>\n<\/ol>\n\n\t\t<\/div>\n\t<\/div>\n<\/div><\/div><\/div><\/div>\n<\/div>","protected":false},"excerpt":{"rendered":"<p>\u00a7 1 Geltungsbereich Diese Allgemeinen Gesch\u00e4ftsbedingungen (AGB) gelten f\u00fcr alle Vertr\u00e4ge zwischen der AP-Personalexpert GmbH und ihren Kunden, soweit nicht ausdr\u00fccklich schriftlich etwas anderes vereinbart wurde. Entgegenstehende oder abweichende Gesch\u00e4ftsbedingungen des Kunden werden nicht anerkannt, es sei denn, die AP-Personalexpert GmbH hat ihrer Geltung ausdr\u00fccklich zugestimmt. \u00a7 2 Vertragsschluss Angebote der AP-Personalexpert GmbH sind freibleibend&hellip;<\/p>","protected":false},"author":1,"featured_media":0,"parent":0,"menu_order":0,"comment_status":"closed","ping_status":"closed","template":"","meta":{"inline_featured_image":false,"footnotes":""},"class_list":["post-56971","page","type-page","status-publish","hentry","description-off"],"_links":{"self":[{"href":"https:\/\/ap-personalexpert.de\/es\/wp-json\/wp\/v2\/pages\/56971","targetHints":{"allow":["GET"]}}],"collection":[{"href":"https:\/\/ap-personalexpert.de\/es\/wp-json\/wp\/v2\/pages"}],"about":[{"href":"https:\/\/ap-personalexpert.de\/es\/wp-json\/wp\/v2\/types\/page"}],"author":[{"embeddable":true,"href":"https:\/\/ap-personalexpert.de\/es\/wp-json\/wp\/v2\/users\/1"}],"replies":[{"embeddable":true,"href":"https:\/\/ap-personalexpert.de\/es\/wp-json\/wp\/v2\/comments?post=56971"}],"version-history":[{"count":0,"href":"https:\/\/ap-personalexpert.de\/es\/wp-json\/wp\/v2\/pages\/56971\/revisions"}],"wp:attachment":[{"href":"https:\/\/ap-personalexpert.de\/es\/wp-json\/wp\/v2\/media?parent=56971"}],"curies":[{"name":"wp","href":"https:\/\/api.w.org\/{rel}","templated":true}]}}