{"id":56968,"date":"2021-09-26T11:19:04","date_gmt":"2021-09-26T09:19:04","guid":{"rendered":"https:\/\/ap-personalexpert.de\/?page_id=56968"},"modified":"2024-04-23T10:27:41","modified_gmt":"2024-04-23T08:27:41","slug":"datenschutzerklaerung","status":"publish","type":"page","link":"https:\/\/ap-personalexpert.de\/ro\/datenschutzerklaerung\/","title":{"rendered":"Declara\u021bia de confiden\u021bialitate"},"content":{"rendered":"<div class=\"wpb-content-wrapper\"><div class=\"vc_row wpb_row vc_row-fluid vc_custom_1679530558638\"><div class=\"wpb_column vc_column_container vc_col-sm-12\"><div class=\"vc_column-inner\"><div class=\"wpb_wrapper\">\n\t<div class=\"wpb_text_column wpb_content_element\" >\n\t\t<div class=\"wpb_wrapper\">\n\t\t\t<p style=\"text-align: justify;\"><strong>Declara\u021bia noastr\u0103 de confiden\u021bialitate a datelor personale la AP-Personalexpert GmbH<\/strong><\/p>\n<p style=\"text-align: justify;\">AP-Personalexpert GmbH acord\u0103 o mare importan\u021b\u0103 protej\u0103rii datelor personale ale utilizatorilor s\u0103i. \u00cen aceast\u0103 declara\u021bie de confiden\u021bialitate v\u0103 inform\u0103m cu privire la prelucrarea datelor dumneavoastr\u0103 pe site-ul nostru web www.ap-personalexpert.de \u0219i cu privire la drepturile dvs. de protec\u021bie a datelor.<\/p>\n<p style=\"text-align: justify;\"><strong><br \/>\n1. Responsabilul pentru prelucrarea datelor<\/strong><\/p>\n<p style=\"text-align: justify;\">AP-Personalexpert GmbH<br \/>\nHolzhofstra\u00dfe 8<br \/>\n32791 Lage<\/p>\n<p style=\"text-align: justify;\">Tel.: +49 (0) 521 \/ 329 30 920<br \/>\nFax: +49 (0) 521 \/ 329 25 761<br \/>\nMail: info@ap-personalexpert.de<\/p>\n<p style=\"text-align: justify;\"><strong><br \/>\n2. Prelucrarea datelor personale \u0219i scopul prelucr\u0103rii<\/strong><\/p>\n<p style=\"text-align: justify;\">Prelucr\u0103m datele dumneavoastr\u0103 personale pe care ni le transmite\u021bi prin formularul de contact, prin e-mail sau prin alte mijloace, pentru a r\u0103spunde la \u00eentreb\u0103rile dvs. \u0219i pentru a oferi serviciile noastre. Baza legal\u0103 pentru prelucrare este Art. 6 alin. 1 lit. b GDPR (\u00eendeplinirea contractului sau m\u0103suri precontractuale) sau Art. 6 alin. 1 lit. f GDPR (interes legitim).<\/p>\n<p style=\"text-align: justify;\"><strong><br \/>\n3. Cookies<\/strong><\/p>\n<p style=\"text-align: justify;\">Site-ul nostru utilizeaz\u0103 cookies pentru a \u00eembun\u0103t\u0103\u021bi experien\u021ba dvs. de utilizare \u0219i pentru a optimiza site-ul nostru. Cookies sunt fi\u0219iere text mici stocate pe dispozitivul dvs.<\/p>\n<p style=\"text-align: justify;\"><strong>Utiliz\u0103m urm\u0103toarele tipuri de cookies pe site-ul nostru:<\/strong><\/p>\n<ul style=\"text-align: justify;\">\n<li>Cookies necesare din punct de vedere tehnic: Aceste cookie-uri sunt necesare pentru func\u021bionarea site-ului \u0219i nu pot fi dezactivate \u00een sistemele noastre.<\/li>\n<li>Cookies de statistic\u0103: Aceste cookie-uri ne permit s\u0103 analiz\u0103m utilizarea site-ului nostru pentru a \u00eembun\u0103t\u0103\u021bi performan\u021ba \u0219i func\u021bionalitatea acestuia.<\/li>\n<li>Cookies de marketing: Aceste cookie-uri sunt utilizate pentru a afi\u0219a publicitate personalizat\u0103 care s\u0103 corespund\u0103 intereselor dumneavoastr\u0103.<\/li>\n<\/ul>\n<p style=\"text-align: justify;\">Pute\u021bi schimba set\u0103rile cookie-urilor \u00een orice moment sau pute\u021bi refuza utilizarea cookie-urilor. V\u0103 rug\u0103m s\u0103 re\u021bine\u021bi c\u0103 dezactivarea cookie-urilor poate afecta func\u021bionalitatea site-ului nostru.<\/p>\n<p style=\"text-align: justify;\"><strong><br \/>\n4. Divulgarea datelor c\u0103tre ter\u021bi<\/strong><\/p>\n<p style=\"text-align: justify;\">Datele dumneavoastr\u0103 personale vor fi divulgate doar c\u0103tre ter\u021bi \u00een cazul \u00een care este necesar pentru \u00eendeplinirea contractului, avem un interes legitim pentru divulgarea datelor sau a\u021bi acordat consim\u021b\u0103m\u00e2ntul expres. \u00cen aceste cazuri, ne asigur\u0103m c\u0103 divulgarea este \u00een conformitate cu reglement\u0103rile legale \u0219i c\u0103 datele dvs. sunt protejate adecvat.<\/p>\n<p style=\"text-align: justify;\"><strong><br \/>\n5. Drepturile dvs. ca persoan\u0103 vizat\u0103<\/strong><\/p>\n<p style=\"text-align: justify;\">Ave\u021bi dreptul:<\/p>\n<ul style=\"text-align: justify;\">\n<li>Conform Art. 15 GDPR, ave\u021bi dreptul s\u0103 solicita\u021bi informa\u021bii cu privire la datele dvs. personale prelucrate de c\u0103tre noi;<\/li>\n<li>Conform Art. 16 GDPR, ave\u021bi dreptul s\u0103 solicita\u021bi corectarea imediat\u0103 a datelor dvs. personale stocate la noi, \u00een cazul \u00een care acestea sunt incorecte sau incomplete;<\/li>\n<li>Conform Art. 17 GDPR, ave\u021bi dreptul s\u0103 solicita\u021bi \u0219tergerea datelor dvs. personale stocate la noi, cu excep\u021bia cazurilor \u00een care exist\u0103 obliga\u021bii legale de p\u0103strare sau interese legitime;<\/li>\n<li>Conform Art. 18 GDPR, ave\u021bi dreptul s\u0103 solicita\u021bi restric\u021bionarea prelucr\u0103rii datelor dvs. personale \u00een cazul \u00een care corectitudinea datelor este contestat\u0103 de c\u0103tre dvs., prelucrarea este ilegal\u0103, dar dvs. refuza\u021bi \u0219tergerea lor sau noi nu mai avem nevoie de ele, dar dvs. ave\u021bi nevoie de acestea pentru exercitarea, ap\u0103rarea sau formularea de preten\u021bii legale;<\/li>\n<li>Conform Art. 20 GDPR, ave\u021bi dreptul s\u0103 ob\u021bine\u021bi datele dvs. personale pe care ni le-a\u021bi furnizat \u00eentr-un format structurat, comun \u0219i care poate fi citit automat sau s\u0103 solicita\u021bi transmiterea acestora c\u0103tre un alt controlor de date;<\/li>\n<li>Conform Art. 7 alin. 3 GDPR, ave\u021bi dreptul s\u0103 v\u0103 retrage\u021bi consim\u021b\u0103m\u00e2ntul acordat \u00een orice moment. Aceasta implic\u0103 faptul c\u0103 nu vom mai putea continua prelucrarea datelor care se bazau pe acest consim\u021b\u0103m\u00e2nt pentru viitor;<\/li>\n<li>Conform Art. 77 GDPR, ave\u021bi dreptul s\u0103 v\u0103 pl\u00e2nge\u021bi la o autoritate de supraveghere. De obicei, pute\u021bi face acest lucru la autoritatea de supraveghere a locului dvs. de domiciliu sau locului de munc\u0103 sau la sediul nostru.<\/li>\n<\/ul>\n<p style=\"text-align: justify;\"><strong><br \/>\n6. Dreptul de opozi\u021bie<\/strong><\/p>\n<p style=\"text-align: justify;\">\u00cen cazul \u00een care datele dvs. personale sunt prelucrate pe baza unor interese legitime conform Art. 6 alin. 1 lit. f GDPR, ave\u021bi dreptul s\u0103 v\u0103 opune\u021bi prelucr\u0103rii datelor dvs. personale conform Art. 21 GDPR, \u00een m\u0103sura \u00een care exist\u0103 motive care decurg din situa\u021bia dvs. particular\u0103. Dac\u0103 dori\u021bi s\u0103 utiliza\u021bi dreptul dvs. de opozi\u021bie, este suficient s\u0103 ne trimite\u021bi un e-mail la info@ap-personalexpert.de.<\/p>\n<p style=\"text-align: justify;\"><strong><br \/>\n7. Securitatea datelor<\/strong><br \/>\nFolosim m\u0103suri de securitate tehnice \u0219i organiza\u021bionale adecvate pentru a proteja datele dvs. personale \u00eempotriva manipul\u0103rii accidentale sau inten\u021bionate, a pierderii par\u021biale sau totale, a distrugerii sau accesului neautorizat de c\u0103tre ter\u021be p\u0103r\u021bi. M\u0103surile noastre de securitate sunt \u00eembun\u0103t\u0103\u021bite continuu \u00een func\u021bie de evolu\u021bia tehnologic\u0103 \u0219i cele mai recente practici recomandate.<\/p>\n<p style=\"text-align: justify;\">Pentru a asigura transferul securizat al datelor dvs. personale, folosim o conexiune criptat\u0103 (de exemplu, SSL\/TLS) \u00eentre browserul dvs. \u0219i serverul nostru. Ve\u021bi recunoa\u0219te o astfel de conexiune criptat\u0103 prin pictograma de lac\u0103t din bara de adrese a browserului \u0219i prin faptul c\u0103 adresa \u00eencepe cu \"https:\/\/\".<\/p>\n<p style=\"text-align: justify;\">\u00cen ciuda eforturilor noastre de a asigura o securitate adecvat\u0103 a datelor, din cauza structurii internetului, nu putem garanta o securitate absolut\u0103. De aceea, v\u0103 recomand\u0103m s\u0103 lua\u021bi m\u0103suri pentru protejarea datelor dvs., cum ar fi actualizarea regulat\u0103 a sistemului de operare \u0219i a browserului, utilizarea de programe antivirus \u0219i implementarea de parole sigure.<\/p>\n<p style=\"text-align: justify;\"><strong><br \/>\n8. Actualizarea \u0219i modificarea acestei declara\u021bii de confiden\u021bialitate<\/strong><\/p>\n<p style=\"text-align: justify;\">Aceast\u0103 declara\u021bie de confiden\u021bialitate este valabil\u0103 \u00een prezent \u0219i are data de 01.03.2023. \u00cen urma dezvolt\u0103rii ulterioare a site-ului nostru \u0219i a ofertelor noastre sau din cauza modific\u0103rilor legale sau reglement\u0103rilor guvernamentale, poate fi necesar s\u0103 ajust\u0103m aceast\u0103 declara\u021bie de confiden\u021bialitate. Declara\u021bia de confiden\u021bialitate curent\u0103 poate fi accesat\u0103 \u0219i imprimat\u0103 de c\u0103tre dvs. oric\u00e2nd pe site-ul nostru la sec\u021biunea Politici privind cookie-urile prin link-ul: https:\/\/wwww.ap-personalexpert.de\/cookie-richtlinie\/.<\/p>\n<p style=\"text-align: justify;\"><strong><br \/>\n9. Posibilitatea de contact pentru probleme de protec\u021bie a datelor<\/strong><\/p>\n<p style=\"text-align: justify;\">Dac\u0103 ave\u021bi \u00eentreb\u0103ri privind protec\u021bia datelor sau privind exercitarea drepturilor dvs. privind protec\u021bia datelor, v\u0103 pute\u021bi adresa responsabilului nostru pentru protec\u021bia datelor:<\/p>\n<p style=\"text-align: justify;\"><strong><br \/>\nAP-Personalexpert GmbH<\/strong><br \/>\nDomnul Peter Ehof sau domnul Andreas Stein<br \/>\nAltenburger Stra\u00dfe 9, 33699 Bielefeld<br \/>\nMail: info@ap-personalexpert.de<\/p>\n\n\t\t<\/div>\n\t<\/div>\n<\/div><\/div><\/div><\/div>\n<\/div>","protected":false},"excerpt":{"rendered":"<p>Datenschutzerkl\u00e4rung der AP-Personalexpert GmbH Die AP-Personalexpert GmbH legt gro\u00dfen Wert auf den Schutz Ihrer personenbezogenen Daten. In dieser Datenschutzerkl\u00e4rung informieren wir Sie \u00fcber die Verarbeitung Ihrer Daten auf unserer Website www.ap-personalexpert.de und die Ihnen zustehenden Datenschutzrechte. 1. Verantwortlicher f\u00fcr die Datenverarbeitung AP-Personalexpert GmbH Holzhofstra\u00dfe 8 32791 Lage Tel.: +49 (0) 521 \/ 329 30 920&hellip;<\/p>","protected":false},"author":1,"featured_media":0,"parent":0,"menu_order":0,"comment_status":"closed","ping_status":"closed","template":"","meta":{"inline_featured_image":false,"footnotes":""},"class_list":["post-56968","page","type-page","status-publish","hentry","description-off"],"_links":{"self":[{"href":"https:\/\/ap-personalexpert.de\/ro\/wp-json\/wp\/v2\/pages\/56968","targetHints":{"allow":["GET"]}}],"collection":[{"href":"https:\/\/ap-personalexpert.de\/ro\/wp-json\/wp\/v2\/pages"}],"about":[{"href":"https:\/\/ap-personalexpert.de\/ro\/wp-json\/wp\/v2\/types\/page"}],"author":[{"embeddable":true,"href":"https:\/\/ap-personalexpert.de\/ro\/wp-json\/wp\/v2\/users\/1"}],"replies":[{"embeddable":true,"href":"https:\/\/ap-personalexpert.de\/ro\/wp-json\/wp\/v2\/comments?post=56968"}],"version-history":[{"count":3,"href":"https:\/\/ap-personalexpert.de\/ro\/wp-json\/wp\/v2\/pages\/56968\/revisions"}],"predecessor-version":[{"id":58349,"href":"https:\/\/ap-personalexpert.de\/ro\/wp-json\/wp\/v2\/pages\/56968\/revisions\/58349"}],"wp:attachment":[{"href":"https:\/\/ap-personalexpert.de\/ro\/wp-json\/wp\/v2\/media?parent=56968"}],"curies":[{"name":"wp","href":"https:\/\/api.w.org\/{rel}","templated":true}]}}