{"id":56971,"date":"2021-09-26T11:22:13","date_gmt":"2021-09-26T09:22:13","guid":{"rendered":"https:\/\/ap-personalexpert.de\/?page_id=56971"},"modified":"2023-03-22T19:31:44","modified_gmt":"2023-03-22T18:31:44","slug":"allgemeine-geschaeftsbedingungen","status":"publish","type":"page","link":"https:\/\/ap-personalexpert.de\/ro\/allgemeine-geschaeftsbedingungen\/","title":{"rendered":"ermeni \u0219i condi\u021bii generale de afaceri"},"content":{"rendered":"<div class=\"wpb-content-wrapper\"><div class=\"vc_row wpb_row vc_row-fluid vc_custom_1632647340778\"><div class=\"wpb_column vc_column_container vc_col-sm-12\"><div class=\"vc_column-inner\"><div class=\"wpb_wrapper\">\n\t<div class=\"wpb_text_column wpb_content_element\" >\n\t\t<div class=\"wpb_wrapper\">\n\t\t\t<p style=\"text-align: justify;\"><strong>\u00a7 1 Domeniul de aplicare<\/strong><\/p>\n<p style=\"text-align: justify;\">Aceste condi\u021bii generale de afaceri (CGA) se aplic\u0103 tuturor contractelor dintre AP-Personalexpert GmbH \u0219i clien\u021bii s\u0103i, \u00een m\u0103sura \u00een care nu s-a convenit altfel \u00een mod expres \u0219i \u00een scris. Condi\u021biile de afaceri opuse sau divergente ale clientului nu sunt recunoscute, cu excep\u021bia cazului \u00een care AP-Personalexpert GmbH a acordat \u00een mod expres acordul lor.<\/p>\n<p style=\"text-align: justify;\"><strong><br \/>\n\u00a7 2 \u00cencheierea contractului<\/strong><\/p>\n<p style=\"text-align: justify;\">Ofertele AP-Personalexpert GmbH sunt neangajante \u0219i f\u0103r\u0103 obliga\u021bii. Un contract se \u00eencheie numai atunci c\u00e2nd AP-Personalexpert GmbH confirm\u0103 comanda \u00een scris sau \u00een form\u0103 text \u0219i \u00eencepe s\u0103 execute comanda.<\/p>\n<p style=\"text-align: justify;\"><strong><br \/>\n\u00a7 3 Servicii<\/strong><\/p>\n<p style=\"text-align: justify;\">AP-Personalexpert GmbH ofer\u0103 servicii de personal, \u00een special recrutarea de personal, munca temporar\u0103 \u0219i consultan\u021b\u0103 \u00een domeniul managementului personalului. Serviciile concrete \u0219i domeniul lor sunt reglementate \u00een contractul respectiv.<\/p>\n<p style=\"text-align: justify;\"><strong><br \/>\n\u00a7 4 Remunera\u021bie<\/strong><\/p>\n<p style=\"text-align: justify;\">Remunera\u021bia pentru serviciile AP-Personalexpert GmbH se bazeaz\u0103 pe acordurile din contractul respectiv. \u00cen cazul \u00een care nu s-a convenit o \u00een\u021belegere separat\u0103, se aplic\u0103 listele de pre\u021buri actuale ale AP-Personalexpert GmbH. Toate pre\u021burile se \u00een\u021beleg \u00een plus fa\u021b\u0103 de TVA legal\u0103.<\/p>\n<p style=\"text-align: justify;\"><strong><br \/>\n\u00a7 5 Termeni de plat\u0103<\/strong><\/p>\n<p style=\"text-align: justify;\">Facturile AP-Personalexpert GmbH sunt scadente pentru plata \u00een termen de 14 zile de la data emiterii facturii, f\u0103r\u0103 re\u021bineri. \u00cen caz de \u00eent\u00e2rziere la plat\u0103, se aplic\u0103 dob\u00e2nzi de \u00eent\u00e2rziere \u00een valoare de 9 puncte procentuale peste rata dob\u00e2nzii de baz\u0103 aferent\u0103. Se p\u0103streaz\u0103 dreptul de a cere desp\u0103gubiri suplimentare pentru \u00eent\u00e2rziere.<\/p>\n<p style=\"text-align: justify;\"><strong><br \/>\n\u00a7 6 R\u0103spundere<\/strong><\/p>\n<p style=\"text-align: justify;\">AP-Personalexpert GmbH r\u0103spunde f\u0103r\u0103 restric\u021bii pentru inten\u021bie \u0219i neglijen\u021b\u0103 grav\u0103. \u00cen cazul neglijen\u021bei u\u0219oare, AP-Personalexpert GmbH r\u0103spunde numai pentru daunele rezultate din \u00eenc\u0103lcarea vie\u021bii, corpului sau s\u0103n\u0103t\u0103\u021bii \u0219i pentru daunele din \u00eenc\u0103lcarea unei obliga\u021bii contractuale esen\u021biale. \u00cen acest caz, r\u0103spunderea este limitat\u0103 la desp\u0103gubirea daunelor preconizate, care sunt tipice. O r\u0103spundere suplimentar\u0103 pentru daune este exclus\u0103. Acest lucru se aplic\u0103 \u0219i r\u0103spunderii angaja\u021bilor AP-Personalexpert GmbH.<\/p>\n<p style=\"text-align: justify;\"><strong><br \/>\n\u00a7 7 Garan\u021bie<\/strong><\/p>\n<p style=\"text-align: justify;\">AP-Personalexpert GmbH garanteaz\u0103 c\u0103 lucr\u0103torii intermediari de\u021bin calific\u0103rile \u0219i abilit\u0103\u021bile convenite \u00een contract. Dac\u0103, \u00een termen de patru s\u0103pt\u0103m\u00e2ni de la \u00eenceperea activit\u0103\u021bii, se constat\u0103 c\u0103 un lucr\u0103tor nu \u00eendepline\u0219te cerin\u021bele contractuale convenite, clientul este obligat s\u0103 informeze imediat AP-Personalexpert GmbH. \u00cen acest caz, AP-Personalexpert GmbH va furniza un alt lucr\u0103tor sau va remedia deficien\u021bele. Dac\u0103 remedierea este nereu\u0219it\u0103, clientul poate rezilia contractul f\u0103r\u0103 notificare prealabil\u0103 sau poate reduce remunera\u021bia.<\/p>\n<p>&nbsp;<\/p>\n<p style=\"text-align: justify;\"><strong>\u00a7 8 Confiden\u021bialitatea<\/strong><\/p>\n<p style=\"text-align: justify;\">P\u0103r\u021bile contractante se oblig\u0103 s\u0103 trateze cu confiden\u021bialitate toate informa\u021biile ob\u021binute \u00een leg\u0103tur\u0103 cu implementarea contractului, \u00een special secretele comerciale \u0219i de afaceri, \u0219i s\u0103 nu le divulge ter\u021bilor, cu excep\u021bia cazului \u00een care dezv\u0103luirea este necesar\u0103 pentru implementarea contractului sau partea afectat\u0103 a dat acordul s\u0103u \u00een scris. Aceast\u0103 obliga\u021bie va r\u0103m\u00e2ne \u00een vigoare \u0219i dup\u0103 \u00eencheierea rela\u021biei contractuale.<\/p>\n<p style=\"text-align: justify;\"><strong><br \/>\n\u00a7 9 Dispozi\u021bii finale<\/strong><\/p>\n<ol>\n<li style=\"text-align: justify;\">Modific\u0103rile sau complet\u0103rile la contract necesit\u0103 forma scris\u0103. Aceast\u0103 cerin\u021b\u0103 se aplic\u0103 \u0219i pentru modificarea acestei clauze privind forma scris\u0103.<\/li>\n<li style=\"text-align: justify;\">Fiecare prevedere a acestui contract care este sau devine ineficace sau inaplicabil\u0103 nu afecteaz\u0103 valabilitatea celorlalte prevederi. \u00cen locul prevederii ineficiente sau inaplicabile se va aplica o regul\u0103 care s\u0103 urm\u0103reasc\u0103 c\u00e2t mai aproape scopul economic al prevederii ineficiente sau inaplicabile.<\/li>\n<li style=\"text-align: justify;\">Locul de judecat\u0103 pentru toate disputele legate de sau \u00een conexiune cu acest contract este sediul AP-Personalexpert GmbH, \u00een m\u0103sura permis\u0103 de lege. Se aplic\u0103 dreptul Republicii Federale Germania, cu excluderea Conven\u021biei privind contractele de v\u00e2nzare interna\u021bional\u0103 de m\u0103rfuri a ONU.<\/li>\n<\/ol>\n\n\t\t<\/div>\n\t<\/div>\n<\/div><\/div><\/div><\/div>\n<\/div>","protected":false},"excerpt":{"rendered":"<p>\u00a7 1 Geltungsbereich Diese Allgemeinen Gesch\u00e4ftsbedingungen (AGB) gelten f\u00fcr alle Vertr\u00e4ge zwischen der AP-Personalexpert GmbH und ihren Kunden, soweit nicht ausdr\u00fccklich schriftlich etwas anderes vereinbart wurde. Entgegenstehende oder abweichende Gesch\u00e4ftsbedingungen des Kunden werden nicht anerkannt, es sei denn, die AP-Personalexpert GmbH hat ihrer Geltung ausdr\u00fccklich zugestimmt. \u00a7 2 Vertragsschluss Angebote der AP-Personalexpert GmbH sind freibleibend&hellip;<\/p>","protected":false},"author":1,"featured_media":0,"parent":0,"menu_order":0,"comment_status":"closed","ping_status":"closed","template":"","meta":{"inline_featured_image":false,"footnotes":""},"class_list":["post-56971","page","type-page","status-publish","hentry","description-off"],"_links":{"self":[{"href":"https:\/\/ap-personalexpert.de\/ro\/wp-json\/wp\/v2\/pages\/56971","targetHints":{"allow":["GET"]}}],"collection":[{"href":"https:\/\/ap-personalexpert.de\/ro\/wp-json\/wp\/v2\/pages"}],"about":[{"href":"https:\/\/ap-personalexpert.de\/ro\/wp-json\/wp\/v2\/types\/page"}],"author":[{"embeddable":true,"href":"https:\/\/ap-personalexpert.de\/ro\/wp-json\/wp\/v2\/users\/1"}],"replies":[{"embeddable":true,"href":"https:\/\/ap-personalexpert.de\/ro\/wp-json\/wp\/v2\/comments?post=56971"}],"version-history":[{"count":0,"href":"https:\/\/ap-personalexpert.de\/ro\/wp-json\/wp\/v2\/pages\/56971\/revisions"}],"wp:attachment":[{"href":"https:\/\/ap-personalexpert.de\/ro\/wp-json\/wp\/v2\/media?parent=56971"}],"curies":[{"name":"wp","href":"https:\/\/api.w.org\/{rel}","templated":true}]}}