{"id":56971,"date":"2021-09-26T11:22:13","date_gmt":"2021-09-26T09:22:13","guid":{"rendered":"https:\/\/ap-personalexpert.de\/?page_id=56971"},"modified":"2023-03-22T19:31:44","modified_gmt":"2023-03-22T18:31:44","slug":"allgemeine-geschaeftsbedingungen","status":"publish","type":"page","link":"https:\/\/ap-personalexpert.de\/ru\/allgemeine-geschaeftsbedingungen\/","title":{"rendered":"\u0423\u0441\u043b\u043e\u0432\u0438\u044f \u0438\u0441\u043f\u043e\u043b\u044c\u0437\u043e\u0432\u0430\u043d\u0438\u044f"},"content":{"rendered":"<div class=\"wpb-content-wrapper\"><div class=\"vc_row wpb_row vc_row-fluid vc_custom_1632647340778\"><div class=\"wpb_column vc_column_container vc_col-sm-12\"><div class=\"vc_column-inner\"><div class=\"wpb_wrapper\">\n\t<div class=\"wpb_text_column wpb_content_element\" >\n\t\t<div class=\"wpb_wrapper\">\n\t\t\t<p style=\"text-align: justify;\"><strong>\u00a7 1 \u041e\u0431\u043b\u0430\u0441\u0442\u044c \u0434\u0435\u0439\u0441\u0442\u0432\u0438\u044f<\/strong><\/p>\n<p style=\"text-align: justify;\">\u042d\u0442\u0438 \u041e\u0431\u0449\u0438\u0435 \u0443\u0441\u043b\u043e\u0432\u0438\u044f \u043f\u0440\u0435\u0434\u043e\u0441\u0442\u0430\u0432\u043b\u0435\u043d\u0438\u044f \u0443\u0441\u043b\u0443\u0433 (\u041e\u0423\u041f\u0423) \u0434\u0435\u0439\u0441\u0442\u0432\u0443\u044e\u0442 \u0434\u043b\u044f \u0432\u0441\u0435\u0445 \u0434\u043e\u0433\u043e\u0432\u043e\u0440\u043e\u0432 \u043c\u0435\u0436\u0434\u0443 AP-Personalexpert GmbH \u0438 \u0438\u0445 \u043a\u043b\u0438\u0435\u043d\u0442\u0430\u043c\u0438, \u0435\u0441\u043b\u0438 \u043d\u0435 \u0431\u044b\u043b\u043e \u044f\u0432\u043d\u043e \u0441\u043e\u0433\u043b\u0430\u0441\u043e\u0432\u0430\u043d\u043e \u0434\u0440\u0443\u0433\u043e\u0435 \u0432 \u043f\u0438\u0441\u044c\u043c\u0435\u043d\u043d\u043e\u043c \u0432\u0438\u0434\u0435. \u041f\u0440\u043e\u0442\u0438\u0432\u043e\u0440\u0435\u0447\u0430\u0449\u0438\u0435 \u0438\u043b\u0438 \u043e\u0442\u043a\u043b\u043e\u043d\u044f\u044e\u0449\u0438\u0435\u0441\u044f \u043e\u0442 \u044d\u0442\u0438\u0445 \u0443\u0441\u043b\u043e\u0432\u0438\u0439 \u043a\u043b\u0438\u0435\u043d\u0442\u0441\u043a\u0438\u0435 \u0443\u0441\u043b\u043e\u0432\u0438\u044f \u043d\u0435 \u043f\u0440\u0438\u0437\u043d\u0430\u044e\u0442\u0441\u044f, \u0435\u0441\u043b\u0438 AP-Personalexpert GmbH \u043d\u0435 \u0432\u044b\u0440\u0430\u0437\u0438\u043b\u0430 \u0441\u0432\u043e\u0435 \u0441\u043e\u0433\u043b\u0430\u0441\u0438\u0435 \u043d\u0430 \u0438\u0445 \u0434\u0435\u0439\u0441\u0442\u0432\u0438\u0435.<\/p>\n<p style=\"text-align: justify;\"><strong><br \/>\n\u00a7 2 \u0417\u0430\u043a\u043b\u044e\u0447\u0435\u043d\u0438\u0435 \u0434\u043e\u0433\u043e\u0432\u043e\u0440\u0430<\/strong><\/p>\n<p style=\"text-align: justify;\">\u041f\u0440\u0435\u0434\u043b\u043e\u0436\u0435\u043d\u0438\u044f AP-Personalexpert GmbH \u044f\u0432\u043b\u044f\u044e\u0442\u0441\u044f \u043d\u0435\u0437\u0430\u0432\u0438\u0441\u0438\u043c\u044b\u043c\u0438 \u0438 \u043d\u0435 \u043e\u0431\u044f\u0437\u0430\u0442\u0435\u043b\u044c\u043d\u044b\u043c\u0438. \u0414\u043e\u0433\u043e\u0432\u043e\u0440 \u0441\u0447\u0438\u0442\u0430\u0435\u0442\u0441\u044f \u0437\u0430\u043a\u043b\u044e\u0447\u0435\u043d\u043d\u044b\u043c \u0442\u043e\u043b\u044c\u043a\u043e \u043f\u043e\u0441\u043b\u0435 \u0442\u043e\u0433\u043e, \u043a\u0430\u043a AP-Personalexpert GmbH \u043f\u043e\u0434\u0442\u0432\u0435\u0440\u0434\u0438\u0442 \u0437\u0430\u043a\u0430\u0437 \u043f\u0438\u0441\u044c\u043c\u0435\u043d\u043d\u043e \u0438\u043b\u0438 \u0432 \u044d\u043b\u0435\u043a\u0442\u0440\u043e\u043d\u043d\u043e\u043c \u0432\u0438\u0434\u0435 \u0438\u043b\u0438 \u043d\u0430\u0447\u043d\u0435\u0442 \u0438\u0441\u043f\u043e\u043b\u043d\u0435\u043d\u0438\u0435 \u0437\u0430\u043a\u0430\u0437\u0430.<\/p>\n<p style=\"text-align: justify;\"><strong><br \/>\n\u00a7 3 \u0423\u0441\u043b\u0443\u0433\u0438<\/strong><\/p>\n<p style=\"text-align: justify;\">AP-Personalexpert GmbH \u043e\u043a\u0430\u0437\u044b\u0432\u0430\u0435\u0442 \u0443\u0441\u043b\u0443\u0433\u0438 \u0432 \u0441\u0444\u0435\u0440\u0435 \u043f\u0435\u0440\u0441\u043e\u043d\u0430\u043b\u0430, \u0432 \u0442\u043e\u043c \u0447\u0438\u0441\u043b\u0435 \u043f\u043e \u0442\u0440\u0443\u0434\u043e\u0443\u0441\u0442\u0440\u043e\u0439\u0441\u0442\u0432\u0443 \u043f\u0435\u0440\u0441\u043e\u043d\u0430\u043b\u0430, \u0432\u0440\u0435\u043c\u0435\u043d\u043d\u043e\u043c\u0443 \u0442\u0440\u0443\u0434\u043e\u0443\u0441\u0442\u0440\u043e\u0439\u0441\u0442\u0432\u0443 \u0438 \u043a\u043e\u043d\u0441\u0443\u043b\u044c\u0442\u0438\u0440\u043e\u0432\u0430\u043d\u0438\u044e \u043f\u043e \u0443\u043f\u0440\u0430\u0432\u043b\u0435\u043d\u0438\u044e \u043f\u0435\u0440\u0441\u043e\u043d\u0430\u043b\u043e\u043c. \u041a\u043e\u043d\u043a\u0440\u0435\u0442\u043d\u044b\u0435 \u0443\u0441\u043b\u0443\u0433\u0438 \u0438 \u0438\u0445 \u043e\u0431\u044a\u0435\u043c \u043e\u043f\u0440\u0435\u0434\u0435\u043b\u044f\u044e\u0442\u0441\u044f \u0432 \u0441\u043e\u043e\u0442\u0432\u0435\u0442\u0441\u0442\u0432\u0443\u044e\u0449\u0435\u043c \u0434\u043e\u0433\u043e\u0432\u043e\u0440\u0435.<\/p>\n<p style=\"text-align: justify;\"><strong><br \/>\n\u00a7 4 \u0412\u043e\u0437\u043d\u0430\u0433\u0440\u0430\u0436\u0434\u0435\u043d\u0438\u0435<\/strong><\/p>\n<p style=\"text-align: justify;\">\u0412\u043e\u0437\u043d\u0430\u0433\u0440\u0430\u0436\u0434\u0435\u043d\u0438\u0435 \u0437\u0430 \u0443\u0441\u043b\u0443\u0433\u0438 AP-Personalexpert GmbH \u043e\u043f\u0440\u0435\u0434\u0435\u043b\u044f\u0435\u0442\u0441\u044f \u0432 \u0441\u043e\u043e\u0442\u0432\u0435\u0442\u0441\u0442\u0432\u0438\u0438 \u0441 \u0443\u0441\u043b\u043e\u0432\u0438\u044f\u043c\u0438 \u0432 \u0441\u043e\u043e\u0442\u0432\u0435\u0442\u0441\u0442\u0432\u0443\u044e\u0449\u0435\u043c \u0434\u043e\u0433\u043e\u0432\u043e\u0440\u0435. \u0415\u0441\u043b\u0438 \u043d\u0435 \u0431\u044b\u043b\u043e \u0437\u0430\u043a\u043b\u044e\u0447\u0435\u043d\u043e \u043e\u0442\u0434\u0435\u043b\u044c\u043d\u043e\u0433\u043e \u0441\u043e\u0433\u043b\u0430\u0448\u0435\u043d\u0438\u044f, \u0434\u0435\u0439\u0441\u0442\u0432\u0443\u044e\u0442 \u0430\u043a\u0442\u0443\u0430\u043b\u044c\u043d\u044b\u0435 \u043f\u0440\u0430\u0439\u0441-\u043b\u0438\u0441\u0442\u044b AP-Personalexpert GmbH. \u0412\u0441\u0435 \u0446\u0435\u043d\u044b \u0443\u043a\u0430\u0437\u0430\u043d\u044b \u0431\u0435\u0437 \u0443\u0447\u0435\u0442\u0430 \u043d\u0430\u043b\u043e\u0433\u0430 \u043d\u0430 \u0434\u043e\u0431\u0430\u0432\u043b\u0435\u043d\u043d\u0443\u044e \u0441\u0442\u043e\u0438\u043c\u043e\u0441\u0442\u044c.<\/p>\n<p style=\"text-align: justify;\"><strong><br \/>\n\u00a7 5 \u0423\u0441\u043b\u043e\u0432\u0438\u044f \u043e\u043f\u043b\u0430\u0442\u044b<\/strong><\/p>\n<p style=\"text-align: justify;\">\u0421\u0447\u0435\u0442\u0430 AP-Personalexpert GmbH \u0434\u043e\u043b\u0436\u043d\u044b \u0431\u044b\u0442\u044c \u043e\u043f\u043b\u0430\u0447\u0435\u043d\u044b \u0432 \u0442\u0435\u0447\u0435\u043d\u0438\u0435 14 \u0434\u043d\u0435\u0439 \u0441 \u043c\u043e\u043c\u0435\u043d\u0442\u0430 \u0432\u044b\u0441\u0442\u0430\u0432\u043b\u0435\u043d\u0438\u044f \u0431\u0435\u0437 \u0443\u0434\u0435\u0440\u0436\u0430\u043d\u0438\u044f. \u0412 \u0441\u043b\u0443\u0447\u0430\u0435 \u0437\u0430\u0434\u0435\u0440\u0436\u043a\u0438 \u043e\u043f\u043b\u0430\u0442\u044b \u0434\u043e\u043b\u0436\u043d\u044b \u0431\u044b\u0442\u044c \u0443\u043f\u043b\u0430\u0447\u0435\u043d\u044b \u043f\u0440\u043e\u0446\u0435\u043d\u0442\u044b \u0437\u0430 \u043f\u0440\u043e\u0441\u0440\u043e\u0447\u043a\u0443 \u0432 \u0440\u0430\u0437\u043c\u0435\u0440\u0435 9 \u043f\u0440\u043e\u0446\u0435\u043d\u0442\u043d\u044b\u0445 \u043f\u0443\u043d\u043a\u0442\u043e\u0432 \u0441\u0432\u0435\u0440\u0445 \u0431\u0430\u0437\u043e\u0432\u043e\u0439 \u043f\u0440\u043e\u0446\u0435\u043d\u0442\u043d\u043e\u0439 \u0441\u0442\u0430\u0432\u043a\u0438. \u0421\u043e\u0445\u0440\u0430\u043d\u044f\u0435\u0442\u0441\u044f \u043f\u0440\u0430\u0432\u043e \u043d\u0430 \u0432\u0437\u044b\u0441\u043a\u0430\u043d\u0438\u0435 \u0434\u043e\u043f\u043e\u043b\u043d\u0438\u0442\u0435\u043b\u044c\u043d\u043e\u0433\u043e \u0443\u0449\u0435\u0440\u0431\u0430 \u0432 \u0441\u0432\u044f\u0437\u0438 \u0441 \u043f\u0440\u043e\u0441\u0440\u043e\u0447\u043a\u043e\u0439 \u043e\u043f\u043b\u0430\u0442\u044b.<\/p>\n<p style=\"text-align: justify;\"><strong><br \/>\n\u00a7 6 \u041e\u0442\u0432\u0435\u0442\u0441\u0442\u0432\u0435\u043d\u043d\u043e\u0441\u0442\u044c<\/strong><\/p>\n<p style=\"text-align: justify;\">\u041a\u043e\u043c\u043f\u0430\u043d\u0438\u044f AP-Personalexpert GmbH \u043d\u0435\u0441\u0435\u0442 \u043d\u0435\u043e\u0433\u0440\u0430\u043d\u0438\u0447\u0435\u043d\u043d\u0443\u044e \u043e\u0442\u0432\u0435\u0442\u0441\u0442\u0432\u0435\u043d\u043d\u043e\u0441\u0442\u044c \u0437\u0430 \u0443\u043c\u044b\u0448\u043b\u0435\u043d\u043d\u044b\u0435 \u0434\u0435\u0439\u0441\u0442\u0432\u0438\u044f \u0438 \u0433\u0440\u0443\u0431\u0443\u044e \u043d\u0435\u0431\u0440\u0435\u0436\u043d\u043e\u0441\u0442\u044c. \u041f\u0440\u0438 \u043b\u0435\u0433\u043a\u043e\u0439 \u043d\u0435\u0431\u0440\u0435\u0436\u043d\u043e\u0441\u0442\u0438 AP-Personalexpert GmbH \u043e\u0442\u0432\u0435\u0447\u0430\u0435\u0442 \u0442\u043e\u043b\u044c\u043a\u043e \u0437\u0430 \u0443\u0449\u0435\u0440\u0431, \u0432\u043e\u0437\u043d\u0438\u043a\u0448\u0438\u0439 \u0432\u0441\u043b\u0435\u0434\u0441\u0442\u0432\u0438\u0435 \u043d\u0430\u0440\u0443\u0448\u0435\u043d\u0438\u044f \u0436\u0438\u0437\u043d\u0438, \u0442\u0435\u043b\u0430 \u0438\u043b\u0438 \u0437\u0434\u043e\u0440\u043e\u0432\u044c\u044f, \u0430 \u0442\u0430\u043a\u0436\u0435 \u0437\u0430 \u0443\u0449\u0435\u0440\u0431, \u0432\u043e\u0437\u043d\u0438\u043a\u0448\u0438\u0439 \u0432 \u0440\u0435\u0437\u0443\u043b\u044c\u0442\u0430\u0442\u0435 \u043d\u0430\u0440\u0443\u0448\u0435\u043d\u0438\u044f \u0441\u0443\u0449\u0435\u0441\u0442\u0432\u0435\u043d\u043d\u043e\u0433\u043e \u043a\u043e\u043d\u0442\u0440\u0430\u043a\u0442\u043d\u043e\u0433\u043e \u043e\u0431\u044f\u0437\u0430\u0442\u0435\u043b\u044c\u0441\u0442\u0432\u0430. \u0412 \u044d\u0442\u043e\u043c \u0441\u043b\u0443\u0447\u0430\u0435 \u043e\u0442\u0432\u0435\u0442\u0441\u0442\u0432\u0435\u043d\u043d\u043e\u0441\u0442\u044c \u043e\u0433\u0440\u0430\u043d\u0438\u0447\u0438\u0432\u0430\u0435\u0442\u0441\u044f \u043a\u043e\u043c\u043f\u0435\u043d\u0441\u0430\u0446\u0438\u0435\u0439 \u043f\u0440\u0435\u0434\u0432\u0438\u0434\u0438\u043c\u043e\u0433\u043e \u0438 \u0442\u0438\u043f\u0438\u0447\u043d\u043e\u0433\u043e \u0443\u0449\u0435\u0440\u0431\u0430. \u0414\u0430\u043b\u044c\u043d\u0435\u0439\u0448\u0430\u044f \u043e\u0442\u0432\u0435\u0442\u0441\u0442\u0432\u0435\u043d\u043d\u043e\u0441\u0442\u044c \u0437\u0430 \u0443\u0449\u0435\u0440\u0431 \u043e\u0442\u0441\u0443\u0442\u0441\u0442\u0432\u0443\u0435\u0442. \u042d\u0442\u043e \u0442\u0430\u043a\u0436\u0435 \u043e\u0442\u043d\u043e\u0441\u0438\u0442\u0441\u044f \u043a \u043e\u0442\u0432\u0435\u0442\u0441\u0442\u0432\u0435\u043d\u043d\u043e\u0441\u0442\u0438 \u0438\u0441\u043f\u043e\u043b\u043d\u0438\u0442\u0435\u043b\u0435\u0439 \u043a\u043e\u043c\u043f\u0430\u043d\u0438\u0438 AP-Personalexpert GmbH.<\/p>\n<p style=\"text-align: justify;\"><strong><br \/>\n\u00a7 7 \u0413\u0430\u0440\u0430\u043d\u0442\u0438\u044f<\/strong><\/p>\n<p style=\"text-align: justify;\">\u041a\u043e\u043c\u043f\u0430\u043d\u0438\u044f AP-Personalexpert GmbH \u0433\u0430\u0440\u0430\u043d\u0442\u0438\u0440\u0443\u0435\u0442, \u0447\u0442\u043e \u043d\u0430\u043d\u044f\u0442\u044b\u0435 \u0440\u0430\u0431\u043e\u0442\u043d\u0438\u043a\u0438 \u043e\u0431\u043b\u0430\u0434\u0430\u044e\u0442 \u043a\u0432\u0430\u043b\u0438\u0444\u0438\u043a\u0430\u0446\u0438\u0435\u0439 \u0438 \u043d\u0430\u0432\u044b\u043a\u0430\u043c\u0438, \u043e\u0433\u043e\u0432\u043e\u0440\u0435\u043d\u043d\u044b\u043c\u0438 \u0432 \u043a\u043e\u043d\u0442\u0440\u0430\u043a\u0442\u0435. \u0415\u0441\u043b\u0438 \u0432 \u0442\u0435\u0447\u0435\u043d\u0438\u0435 \u0447\u0435\u0442\u044b\u0440\u0435\u0445 \u043d\u0435\u0434\u0435\u043b\u044c \u043f\u043e\u0441\u043b\u0435 \u043d\u0430\u0447\u0430\u043b\u0430 \u0440\u0430\u0431\u043e\u0442\u044b \u0432\u044b\u044f\u0441\u043d\u044f\u0435\u0442\u0441\u044f, \u0447\u0442\u043e \u0440\u0430\u0431\u043e\u0442\u043d\u0438\u043a \u043d\u0435 \u0441\u043e\u043e\u0442\u0432\u0435\u0442\u0441\u0442\u0432\u0443\u0435\u0442 \u043e\u0433\u043e\u0432\u043e\u0440\u0435\u043d\u043d\u044b\u043c \u0442\u0440\u0435\u0431\u043e\u0432\u0430\u043d\u0438\u044f\u043c, \u0437\u0430\u043a\u0430\u0437\u0447\u0438\u043a \u043e\u0431\u044f\u0437\u0430\u043d \u043d\u0435\u043c\u0435\u0434\u043b\u0435\u043d\u043d\u043e \u0441\u043e\u043e\u0431\u0449\u0438\u0442\u044c \u043e\u0431 \u044d\u0442\u043e\u043c \u043a\u043e\u043c\u043f\u0430\u043d\u0438\u0438 AP-Personalexpert GmbH. \u0412 \u044d\u0442\u043e\u043c \u0441\u043b\u0443\u0447\u0430\u0435 \u043a\u043e\u043c\u043f\u0430\u043d\u0438\u044f AP-Personalexpert GmbH \u043f\u0440\u0435\u0434\u043e\u0441\u0442\u0430\u0432\u0438\u0442 \u0437\u0430\u043c\u0435\u043d\u0443 \u0440\u0430\u0431\u043e\u0442\u043d\u0438\u043a\u0430 \u0438\u043b\u0438 \u0443\u0441\u0442\u0440\u0430\u043d\u0438\u0432\u0448\u0438\u0435 \u043d\u0435\u0434\u043e\u0441\u0442\u0430\u0442\u043a\u0438. \u0415\u0441\u043b\u0438 \u0438\u0441\u043f\u043e\u043b\u043d\u0435\u043d\u0438\u0435 \u043e\u0431\u044f\u0437\u0430\u0442\u0435\u043b\u044c\u0441\u0442\u0432 \u043d\u0435 \u0443\u0434\u0430\u0435\u0442\u0441\u044f, \u0437\u0430\u043a\u0430\u0437\u0447\u0438\u043a \u043c\u043e\u0436\u0435\u0442 \u0440\u0430\u0441\u0442\u043e\u0440\u0433\u043d\u0443\u0442\u044c \u043a\u043e\u043d\u0442\u0440\u0430\u043a\u0442 \u0431\u0435\u0437 \u0443\u0432\u0435\u0434\u043e\u043c\u043b\u0435\u043d\u0438\u044f \u0438\u043b\u0438 \u0441\u043e\u043a\u0440\u0430\u0442\u0438\u0442\u044c \u043e\u043f\u043b\u0430\u0442\u0443.<\/p>\n<p>&nbsp;<\/p>\n<p style=\"text-align: justify;\"><strong>\u00a7 8 \u041a\u043e\u043d\u0444\u0438\u0434\u0435\u043d\u0446\u0438\u0430\u043b\u044c\u043d\u043e\u0441\u0442\u044c<\/strong><\/p>\n<p style=\"text-align: justify;\">\u0421\u0442\u043e\u0440\u043e\u043d\u044b \u043e\u0431\u044f\u0437\u0443\u044e\u0442\u0441\u044f \u0441\u043e\u0445\u0440\u0430\u043d\u044f\u0442\u044c \u043a\u043e\u043d\u0444\u0438\u0434\u0435\u043d\u0446\u0438\u0430\u043b\u044c\u043d\u043e\u0441\u0442\u044c \u0432\u0441\u0435\u0445 \u043f\u043e\u043b\u0443\u0447\u0435\u043d\u043d\u044b\u0445 \u0432 \u0441\u0432\u044f\u0437\u0438 \u0441 \u0432\u044b\u043f\u043e\u043b\u043d\u0435\u043d\u0438\u0435\u043c \u043a\u043e\u043d\u0442\u0440\u0430\u043a\u0442\u0430 \u0441\u0432\u0435\u0434\u0435\u043d\u0438\u0439, \u0432 \u0447\u0430\u0441\u0442\u043d\u043e\u0441\u0442\u0438, \u043a\u043e\u043c\u043c\u0435\u0440\u0447\u0435\u0441\u043a\u0438\u0445 \u0438 \u043f\u0440\u043e\u0438\u0437\u0432\u043e\u0434\u0441\u0442\u0432\u0435\u043d\u043d\u044b\u0445 \u0442\u0430\u0439\u043d, \u0438 \u043d\u0435 \u0440\u0430\u0441\u043a\u0440\u044b\u0432\u0430\u0442\u044c \u0438\u0445 \u0442\u0440\u0435\u0442\u044c\u0438\u043c \u043b\u0438\u0446\u0430\u043c, \u0437\u0430 \u0438\u0441\u043a\u043b\u044e\u0447\u0435\u043d\u0438\u0435\u043c \u0441\u043b\u0443\u0447\u0430\u0435\u0432, \u043a\u043e\u0433\u0434\u0430 \u044d\u0442\u043e \u043d\u0435\u043e\u0431\u0445\u043e\u0434\u0438\u043c\u043e \u0434\u043b\u044f \u0432\u044b\u043f\u043e\u043b\u043d\u0435\u043d\u0438\u044f \u043a\u043e\u043d\u0442\u0440\u0430\u043a\u0442\u0430, \u0438\u043b\u0438 \u043a\u043e\u0433\u0434\u0430 \u0441\u043e\u043e\u0442\u0432\u0435\u0442\u0441\u0442\u0432\u0443\u044e\u0449\u0430\u044f \u0441\u0442\u043e\u0440\u043e\u043d\u0430 \u0434\u0430\u043b\u0430 \u043f\u0438\u0441\u044c\u043c\u0435\u043d\u043d\u043e\u0435 \u0441\u043e\u0433\u043b\u0430\u0441\u0438\u0435. \u042d\u0442\u043e \u043e\u0431\u044f\u0437\u0430\u0442\u0435\u043b\u044c\u0441\u0442\u0432\u043e \u0441\u043e\u0445\u0440\u0430\u043d\u044f\u0435\u0442\u0441\u044f \u0438 \u043f\u043e\u0441\u043b\u0435 \u043e\u043a\u043e\u043d\u0447\u0430\u043d\u0438\u044f \u043a\u043e\u043d\u0442\u0440\u0430\u043a\u0442\u0430.<\/p>\n<p style=\"text-align: justify;\"><strong><br \/>\n\u00a7 9 \u0417\u0430\u043a\u043b\u044e\u0447\u0438\u0442\u0435\u043b\u044c\u043d\u044b\u0435 \u043f\u043e\u043b\u043e\u0436\u0435\u043d\u0438\u044f<\/strong><\/p>\n<ol>\n<li style=\"text-align: justify;\">\u0418\u0437\u043c\u0435\u043d\u0435\u043d\u0438\u044f \u0438\u043b\u0438 \u0434\u043e\u043f\u043e\u043b\u043d\u0435\u043d\u0438\u044f \u043a\u043e\u043d\u0442\u0440\u0430\u043a\u0442\u0430 \u0434\u043e\u043b\u0436\u043d\u044b \u0431\u044b\u0442\u044c \u043e\u0444\u043e\u0440\u043c\u043b\u0435\u043d\u044b \u0432 \u043f\u0438\u0441\u044c\u043c\u0435\u043d\u043d\u043e\u0439 \u0444\u043e\u0440\u043c\u0435. \u042d\u0442\u043e \u0442\u0430\u043a\u0436\u0435 \u043e\u0442\u043d\u043e\u0441\u0438\u0442\u0441\u044f \u043a \u0438\u0437\u043c\u0435\u043d\u0435\u043d\u0438\u044e \u044d\u0442\u043e\u0433\u043e \u0443\u0441\u043b\u043e\u0432\u0438\u044f \u043e \u043f\u0438\u0441\u044c\u043c\u0435\u043d\u043d\u043e\u0439 \u0444\u043e\u0440\u043c\u0435.<\/li>\n<li style=\"text-align: justify;\">\u0415\u0441\u043b\u0438 \u043a\u0430\u043a\u043e\u0435-\u043b\u0438\u0431\u043e \u043f\u043e\u043b\u043e\u0436\u0435\u043d\u0438\u0435 \u044d\u0442\u043e\u0433\u043e \u043a\u043e\u043d\u0442\u0440\u0430\u043a\u0442\u0430 \u044f\u0432\u043b\u044f\u0435\u0442\u0441\u044f \u043d\u0435\u0434\u0435\u0439\u0441\u0442\u0432\u0438\u0442\u0435\u043b\u044c\u043d\u044b\u043c \u0438\u043b\u0438 \u043d\u0435\u0432\u044b\u043f\u043e\u043b\u043d\u0438\u043c\u044b\u043c, \u044d\u0442\u043e \u043d\u0435 \u0437\u0430\u0442\u0440\u0430\u0433\u0438\u0432\u0430\u0435\u0442 \u0434\u0435\u0439\u0441\u0442\u0432\u0438\u0442\u0435\u043b\u044c\u043d\u043e\u0441\u0442\u044c \u043e\u0441\u0442\u0430\u043b\u044c\u043d\u044b\u0445 \u043f\u043e\u043b\u043e\u0436\u0435\u043d\u0438\u0439. \u0412\u043c\u0435\u0441\u0442\u043e \u043d\u0435\u0434\u0435\u0439\u0441\u0442\u0432\u0438\u0442\u0435\u043b\u044c\u043d\u043e\u0433\u043e \u0438\u043b\u0438 \u043d\u0435\u0432\u044b\u043f\u043e\u043b\u043d\u0438\u043c\u043e\u0433\u043e \u043f\u043e\u043b\u043e\u0436\u0435\u043d\u0438\u044f \u0434\u043e\u043b\u0436\u043d\u043e \u0431\u044b\u0442\u044c \u043f\u0440\u0438\u043d\u044f\u0442\u043e \u043f\u0440\u0430\u0432\u0438\u043b\u043e, \u043a\u043e\u0442\u043e\u0440\u043e\u0435 \u043d\u0430\u0438\u0431\u043e\u043b\u0435\u0435 \u0441\u043e\u043e\u0442\u0432\u0435\u0442\u0441\u0442\u0432\u0443\u0435\u0442 \u044d\u043a\u043e\u043d\u043e\u043c\u0438\u0447\u0435\u0441\u043a\u043e\u0439 \u0446\u0435\u043b\u0438 \u043d\u0435\u0434\u0435\u0439\u0441\u0442\u0432\u0438\u0442\u0435\u043b\u044c\u043d\u043e\u0433\u043e \u0438\u043b\u0438 \u043d\u0435\u0432\u044b\u043f\u043e\u043b\u043d\u0438\u043c\u043e\u0433\u043e \u043f\u043e\u043b\u043e\u0436\u0435\u043d\u0438\u044f.<\/li>\n<li style=\"text-align: justify;\">\u0421\u0443\u0434\u0435\u0431\u043d\u0430\u044f \u044e\u0440\u0438\u0441\u0434\u0438\u043a\u0446\u0438\u044f \u0434\u043b\u044f \u0432\u0441\u0435\u0445 \u0441\u043f\u043e\u0440\u043e\u0432, \u0441\u0432\u044f\u0437\u0430\u043d\u043d\u044b\u0445 \u0441 \u044d\u0442\u0438\u043c \u043a\u043e\u043d\u0442\u0440\u0430\u043a\u0442\u043e\u043c \u0438\u043b\u0438 \u0432\u043e\u0437\u043d\u0438\u043a\u0430\u044e\u0449\u0438\u0445 \u0438\u0437 \u043d\u0435\u0433\u043e, \u044f\u0432\u043b\u044f\u0435\u0442\u0441\u044f \u043c\u0435\u0441\u0442\u043e\u043d\u0430\u0445\u043e\u0436\u0434\u0435\u043d\u0438\u0435 \u043a\u043e\u043c\u043f\u0430\u043d\u0438\u0438 AP-Personalexpert GmbH, \u043d\u0430\u0441\u043a\u043e\u043b\u044c\u043a\u043e \u044d\u0442\u043e \u0437\u0430\u043a\u043e\u043d\u043d\u043e \u0434\u043e\u043f\u0443\u0441\u0442\u0438\u043c\u043e. \u0414\u0435\u0439\u0441\u0442\u0432\u0443\u0435\u0442 \u043f\u0440\u0430\u0432\u043e \u0424\u0435\u0434\u0435\u0440\u0430\u0442\u0438\u0432\u043d\u043e\u0439 \u0420\u0435\u0441\u043f\u0443\u0431\u043b\u0438\u043a\u0438 \u0413\u0435\u0440\u043c\u0430\u043d\u0438\u044f, \u0437\u0430 \u0438\u0441\u043a\u043b\u044e\u0447\u0435\u043d\u0438\u0435\u043c \u041a\u043e\u043d\u0432\u0435\u043d\u0446\u0438\u0438 \u041e\u041e\u041d \u043e \u0434\u043e\u0433\u043e\u0432\u043e\u0440\u0430\u0445 \u043a\u0443\u043f\u043b\u0438-\u043f\u0440\u043e\u0434\u0430\u0436\u0438 \u0442\u043e\u0432\u0430\u0440\u043e\u0432.<\/li>\n<\/ol>\n\n\t\t<\/div>\n\t<\/div>\n<\/div><\/div><\/div><\/div>\n<\/div>","protected":false},"excerpt":{"rendered":"<p>\u00a7 1 Geltungsbereich Diese Allgemeinen Gesch\u00e4ftsbedingungen (AGB) gelten f\u00fcr alle Vertr\u00e4ge zwischen der AP-Personalexpert GmbH und ihren Kunden, soweit nicht ausdr\u00fccklich schriftlich etwas anderes vereinbart wurde. Entgegenstehende oder abweichende Gesch\u00e4ftsbedingungen des Kunden werden nicht anerkannt, es sei denn, die AP-Personalexpert GmbH hat ihrer Geltung ausdr\u00fccklich zugestimmt. \u00a7 2 Vertragsschluss Angebote der AP-Personalexpert GmbH sind freibleibend&hellip;<\/p>","protected":false},"author":1,"featured_media":0,"parent":0,"menu_order":0,"comment_status":"closed","ping_status":"closed","template":"","meta":{"inline_featured_image":false,"footnotes":""},"class_list":["post-56971","page","type-page","status-publish","hentry","description-off"],"_links":{"self":[{"href":"https:\/\/ap-personalexpert.de\/ru\/wp-json\/wp\/v2\/pages\/56971","targetHints":{"allow":["GET"]}}],"collection":[{"href":"https:\/\/ap-personalexpert.de\/ru\/wp-json\/wp\/v2\/pages"}],"about":[{"href":"https:\/\/ap-personalexpert.de\/ru\/wp-json\/wp\/v2\/types\/page"}],"author":[{"embeddable":true,"href":"https:\/\/ap-personalexpert.de\/ru\/wp-json\/wp\/v2\/users\/1"}],"replies":[{"embeddable":true,"href":"https:\/\/ap-personalexpert.de\/ru\/wp-json\/wp\/v2\/comments?post=56971"}],"version-history":[{"count":0,"href":"https:\/\/ap-personalexpert.de\/ru\/wp-json\/wp\/v2\/pages\/56971\/revisions"}],"wp:attachment":[{"href":"https:\/\/ap-personalexpert.de\/ru\/wp-json\/wp\/v2\/media?parent=56971"}],"curies":[{"name":"wp","href":"https:\/\/api.w.org\/{rel}","templated":true}]}}